{"id":15,"date":"2021-10-27T08:46:39","date_gmt":"2021-10-27T08:46:39","guid":{"rendered":"https:\/\/alternatifgumruk.com\/?page_id=15"},"modified":"2025-02-14T23:04:13","modified_gmt":"2025-02-14T20:04:13","slug":"about","status":"publish","type":"page","link":"https:\/\/alternatifgumruk.com\/index.php\/about\/","title":{"rendered":"Hakk\u0131m\u0131zda"},"content":{"rendered":"\n<div class=\"wp-block-columns is-layout-flex wp-container-core-columns-is-layout-9d6595d7 wp-block-columns-is-layout-flex\">\n<div class=\"wp-block-column is-layout-flow wp-block-column-is-layout-flow\">\n<figure class=\"wp-block-image size-full is-resized\"><img loading=\"lazy\" decoding=\"async\" src=\"https:\/\/alternatifgumruk.com\/wp-content\/uploads\/2022\/03\/3.jpg\" alt=\"\" class=\"wp-image-97\" width=\"559\" height=\"373\" srcset=\"https:\/\/alternatifgumruk.com\/wp-content\/uploads\/2022\/03\/3.jpg 612w, https:\/\/alternatifgumruk.com\/wp-content\/uploads\/2022\/03\/3-300x200.jpg 300w\" sizes=\"auto, (max-width: 559px) 100vw, 559px\" \/><\/figure>\n<\/div>\n\n\n\n<div class=\"wp-block-column is-layout-flow wp-block-column-is-layout-flow\">\n<p>Konusunda bilgili gen\u00e7 ve dinamik kadromuz ile ALTERNAT\u0130F SD G\u00fcmr\u00fck M\u00fc\u015favirli\u011fi, slogan\u0131 olan &#8220;Do\u011fru \u0130nsan , Do\u011fru hizmet , Do\u011fru tercih &#8221; felsefesini \u015firket prensibi olarak uygulamaktad\u0131r. S\u00fcrekli de\u011fi\u015fen ve geli\u015fen i\u015f hayat\u0131nda, teknolojisini de artt\u0131ran firmam\u0131z, g\u00fcmr\u00fck m\u00fc\u015favirli\u011fi sekt\u00f6r\u00fcnde g\u00fcven ve istikrar\u0131n \u00f6nc\u00fcleri aras\u0131ndad\u0131r.<\/p>\n\n\n\n<p>ALTERNAT\u0130F SD G\u00fcmr\u00fck M\u00fc\u015favirli\u011fi; 30 y\u0131ld\u0131r tecr\u00fcbeli personeli ile G\u00fcmr\u00fck M\u00fc\u015favirli\u011fi ve Lojistik Hizmeti vermektedir. Firmam\u0131z 2016 y\u0131l\u0131nda yeni bir olu\u015fuma giderek, yeni ve dinamik bir ekip ile g\u00fcncel ve h\u0131zl\u0131 hizmetler vermektedir. \u00c7al\u0131\u015fan personelleri tecr\u00fcbeli ve g\u00fcvenilir bir ekipten olu\u015fmaktad\u0131r. T\u00fcrkiye&#8217;nin her yerinde \u00f6zverili, uzman, e\u011fitimli ve g\u00fcn\u00fcm\u00fcz ko\u015fular\u0131nda maksimum faydalanma bilincindeki ekibi ile sekt\u00f6r\u00fcnde her ge\u00e7en sene emin ad\u0131mlarla lider olma yolunda ilerlemektedir.<\/p>\n<\/div>\n<\/div>\n","protected":false},"excerpt":{"rendered":"<p>Konusunda bilgili gen\u00e7 ve dinamik kadromuz ile ALTERNAT\u0130F SD G\u00fcmr\u00fck M\u00fc\u015favirli\u011fi, slogan\u0131 olan &#8220;Do\u011fru \u0130nsan , Do\u011fru hizmet , Do\u011fru tercih &#8221; felsefesini \u015firket prensibi olarak uygulamaktad\u0131r. S\u00fcrekli de\u011fi\u015fen ve geli\u015fen i\u015f hayat\u0131nda, teknolojisini de artt\u0131ran firmam\u0131z, g\u00fcmr\u00fck m\u00fc\u015favirli\u011fi sekt\u00f6r\u00fcnde g\u00fcven ve istikrar\u0131n \u00f6nc\u00fcleri aras\u0131ndad\u0131r. ALTERNAT\u0130F SD G\u00fcmr\u00fck M\u00fc\u015favirli\u011fi; 30 y\u0131ld\u0131r tecr\u00fcbeli personeli ile G\u00fcmr\u00fck&hellip; <br \/> <a class=\"read-more\" href=\"https:\/\/alternatifgumruk.com\/index.php\/about\/\">Devam\u0131<\/a><\/p>\n","protected":false},"author":1,"featured_media":12,"parent":0,"menu_order":0,"comment_status":"closed","ping_status":"closed","template":"","meta":{"footnotes":""},"class_list":["post-15","page","type-page","status-publish","has-post-thumbnail","hentry"],"_links":{"self":[{"href":"https:\/\/alternatifgumruk.com\/index.php\/wp-json\/wp\/v2\/pages\/15","targetHints":{"allow":["GET"]}}],"collection":[{"href":"https:\/\/alternatifgumruk.com\/index.php\/wp-json\/wp\/v2\/pages"}],"about":[{"href":"https:\/\/alternatifgumruk.com\/index.php\/wp-json\/wp\/v2\/types\/page"}],"author":[{"embeddable":true,"href":"https:\/\/alternatifgumruk.com\/index.php\/wp-json\/wp\/v2\/users\/1"}],"replies":[{"embeddable":true,"href":"https:\/\/alternatifgumruk.com\/index.php\/wp-json\/wp\/v2\/comments?post=15"}],"version-history":[{"count":2,"href":"https:\/\/alternatifgumruk.com\/index.php\/wp-json\/wp\/v2\/pages\/15\/revisions"}],"predecessor-version":[{"id":98,"href":"https:\/\/alternatifgumruk.com\/index.php\/wp-json\/wp\/v2\/pages\/15\/revisions\/98"}],"wp:featuredmedia":[{"embeddable":true,"href":"https:\/\/alternatifgumruk.com\/index.php\/wp-json\/wp\/v2\/media\/12"}],"wp:attachment":[{"href":"https:\/\/alternatifgumruk.com\/index.php\/wp-json\/wp\/v2\/media?parent=15"}],"curies":[{"name":"wp","href":"https:\/\/api.w.org\/{rel}","templated":true}]}}