{"id":88,"date":"2022-03-13T21:45:35","date_gmt":"2022-03-13T21:45:35","guid":{"rendered":"https:\/\/alternatifgumruk.com\/?page_id=88"},"modified":"2022-03-13T21:46:26","modified_gmt":"2022-03-13T21:46:26","slug":"academy","status":"publish","type":"page","link":"https:\/\/alternatifgumruk.com\/index.php\/academy\/","title":{"rendered":"Akademi"},"content":{"rendered":"\n<div class=\"wp-block-columns is-layout-flex wp-container-core-columns-is-layout-9d6595d7 wp-block-columns-is-layout-flex\">\n<div class=\"wp-block-column is-layout-flow wp-block-column-is-layout-flow\" style=\"flex-basis:25%\">\n<figure class=\"wp-block-image size-full is-resized\"><img loading=\"lazy\" decoding=\"async\" src=\"http:\/\/www.alternatifsdgumruk.berfinertugrul.com\/wp-content\/uploads\/2022\/03\/7.jpg\" alt=\"\" class=\"wp-image-24\" width=\"438\" height=\"263\"\/><\/figure>\n<\/div>\n\n\n\n<div class=\"wp-block-column is-layout-flow wp-block-column-is-layout-flow\" style=\"flex-basis:50%\">\n<p>Alternatif&nbsp;Akademi, 30 y\u0131ll\u0131k deneyime sahip Alternatif sd&nbsp;grubun birikimlerini aktarmak \u00fczere olu\u015fturulmu\u015f bir yap\u0131 ve grup b\u00fcnyesinde yer alan bir t\u00fczel kurulu\u015f olup, bu isimle faaliyet g\u00f6stermektedir.<\/p>\n\n\n\n<p>Kurulu\u015f ve varolu\u015f ama\u00e7lar\u0131; bir yandan sekt\u00f6rde yer alan firmalara profesyonel e\u011fitimler vermek, di\u011fer yandan yine bu birikimlerini sivil toplum \u00f6rg\u00fctleri ve \u00fcniversiteler ile yapt\u0131\u011f\u0131 i\u015f birlikleri sayesinde, pek \u00e7ok ki\u015fiye aktarabilmektir.<\/p>\n\n\n\n<p>Alternatif Akademi, t\u00fcm e\u011fitim ve seminerleri b\u00fcnyesinde yer alan tecr\u00fcbeli G\u00fcmr\u00fck M\u00fc\u015favirleri, M\u00fc\u015favir Yard\u0131mc\u0131lar\u0131 ve d\u0131\u015f ticaret uzmanlar\u0131 ile ger\u00e7ekle\u015ftirmekte olup, i\u00e7lerinde \u00fcniversitelerde e\u011fitim veren deneyimli&nbsp;akademisyenler de yer almaktad\u0131r.<\/p>\n\n\n\n<p>Firmalar\u0131n Alternatif&nbsp;Akademi\u2019den alabilece\u011fi e\u011fitimler a\u015fa\u011f\u0131daki \u015fekilde olup, firmalar\u0131n ihtiya\u00e7lar\u0131na g\u00f6re farkl\u0131 \u00e7e\u015fitlendirmeler de yap\u0131labilmektedir.&nbsp;<\/p>\n<\/div>\n\n\n\n<div class=\"wp-block-column is-layout-flow wp-block-column-is-layout-flow\" style=\"flex-basis:25%\">\n<figure class=\"wp-block-image size-full is-resized\"><img loading=\"lazy\" decoding=\"async\" src=\"http:\/\/www.alternatifsdgumruk.berfinertugrul.com\/wp-content\/uploads\/2022\/03\/8.jpg\" alt=\"\" class=\"wp-image-25\" width=\"409\" height=\"272\"\/><\/figure>\n<\/div>\n<\/div>\n\n\n\n<div class=\"wp-block-columns is-layout-flex wp-container-core-columns-is-layout-9d6595d7 wp-block-columns-is-layout-flex\">\n<div class=\"wp-block-column is-layout-flow wp-block-column-is-layout-flow\">\n<ul class=\"wp-block-list\"><li>\u0130thalat \u0130hracat E\u011fitimi<\/li><li>G\u00fcmr\u00fck Mevzuat\u0131<\/li><li>Dahilde \u0130\u015fleme Rejimi<\/li><li>\u0130hracatta Devlet Destekleri<\/li><\/ul>\n<\/div>\n\n\n\n<div class=\"wp-block-column is-layout-flow wp-block-column-is-layout-flow\">\n<ul class=\"wp-block-list\"><li>Yetkilendirilmi\u015f Y\u00fck\u00fcml\u00fcl\u00fck Sistemi<\/li><li>TSE S\u00fcre\u00e7leri ve CE Uygulamalar\u0131<\/li><li>D\u0131\u015f Ticarette Kullan\u0131lan T\u00fcm Belgeler<\/li><li>Yat\u0131r\u0131m Te\u015fvik Mevzuat\u0131<\/li><\/ul>\n<\/div>\n\n\n\n<div class=\"wp-block-column is-layout-flow wp-block-column-is-layout-flow\">\n<ul class=\"wp-block-list\"><li>Teslim \u015eekilleri<\/li><li>\u00d6deme \u015eekilleri<\/li><li>Akreditif \u0130\u015fleyi\u015f ve Kurallar\u0131<\/li><li>Serbest B\u00f6lge Mevzuat\u0131<\/li><\/ul>\n<\/div>\n<\/div>\n","protected":false},"excerpt":{"rendered":"<p>Alternatif&nbsp;Akademi, 30 y\u0131ll\u0131k deneyime sahip Alternatif sd&nbsp;grubun birikimlerini aktarmak \u00fczere olu\u015fturulmu\u015f bir yap\u0131 ve grup b\u00fcnyesinde yer alan bir t\u00fczel kurulu\u015f olup, bu isimle faaliyet g\u00f6stermektedir. Kurulu\u015f ve varolu\u015f ama\u00e7lar\u0131; bir yandan sekt\u00f6rde yer alan firmalara profesyonel e\u011fitimler vermek, di\u011fer yandan yine bu birikimlerini sivil toplum \u00f6rg\u00fctleri ve \u00fcniversiteler ile yapt\u0131\u011f\u0131 i\u015f birlikleri sayesinde, pek&hellip; <br \/> <a class=\"read-more\" href=\"https:\/\/alternatifgumruk.com\/index.php\/academy\/\">Devam\u0131<\/a><\/p>\n","protected":false},"author":1,"featured_media":0,"parent":0,"menu_order":0,"comment_status":"closed","ping_status":"closed","template":"","meta":{"footnotes":""},"class_list":["post-88","page","type-page","status-publish","hentry"],"_links":{"self":[{"href":"https:\/\/alternatifgumruk.com\/index.php\/wp-json\/wp\/v2\/pages\/88","targetHints":{"allow":["GET"]}}],"collection":[{"href":"https:\/\/alternatifgumruk.com\/index.php\/wp-json\/wp\/v2\/pages"}],"about":[{"href":"https:\/\/alternatifgumruk.com\/index.php\/wp-json\/wp\/v2\/types\/page"}],"author":[{"embeddable":true,"href":"https:\/\/alternatifgumruk.com\/index.php\/wp-json\/wp\/v2\/users\/1"}],"replies":[{"embeddable":true,"href":"https:\/\/alternatifgumruk.com\/index.php\/wp-json\/wp\/v2\/comments?post=88"}],"version-history":[{"count":2,"href":"https:\/\/alternatifgumruk.com\/index.php\/wp-json\/wp\/v2\/pages\/88\/revisions"}],"predecessor-version":[{"id":90,"href":"https:\/\/alternatifgumruk.com\/index.php\/wp-json\/wp\/v2\/pages\/88\/revisions\/90"}],"wp:attachment":[{"href":"https:\/\/alternatifgumruk.com\/index.php\/wp-json\/wp\/v2\/media?parent=88"}],"curies":[{"name":"wp","href":"https:\/\/api.w.org\/{rel}","templated":true}]}}