{"id":99,"date":"2022-03-13T21:54:26","date_gmt":"2022-03-13T21:54:26","guid":{"rendered":"https:\/\/alternatifgumruk.com\/?page_id=99"},"modified":"2022-03-13T21:54:26","modified_gmt":"2022-03-13T21:54:26","slug":"lojistik","status":"publish","type":"page","link":"https:\/\/alternatifgumruk.com\/index.php\/lojistik\/","title":{"rendered":"Lojistik"},"content":{"rendered":"\n<p>B\u00fcnyemizde yer alan grup firmalar\u0131m\u0131zdan Alternatif SD Lojistik ve Ara\u00e7 Kiralama A.\u015e. ile, firmalar\u0131n lojistik alan\u0131ndaki ihtiya\u00e7lar\u0131na y\u00f6nelik hizmetler sunmaktay\u0131z.<\/p>\n\n\n\n<p>\u0130thalat veya ihracat yapmakta olan m\u00fc\u015fterilerimizin, gereksinimlerine ba\u011fl\u0131 olarak, onlara optimum \u00e7\u00f6z\u00fcmler sunmakta; ta\u015f\u0131mac\u0131l\u0131k, depolama veya antrepo hizmetlerinde destek vermekteyiz.<\/p>\n\n\n\n<p>D\u0131\u015f ticaret i\u00e7in, lojisti\u011fin ne denli \u00f6nemli oldu\u011funu biliyoruz. Bu sebeple m\u00fc\u015fterilerimizin gerek duymas\u0131 halinde Alternatif SD olarak yanlar\u0131nda olup, \u00f6zellikle kap\u0131dan kap\u0131ya \u00e7\u00f6z\u00fcmler \u00fcretme konusunda 3.parti servis sa\u011flay\u0131c\u0131 firmalar ile birlikte en kaliteli hizmeti kendilerine sa\u011flamaktay\u0131z.<\/p>\n","protected":false},"excerpt":{"rendered":"<p>B\u00fcnyemizde yer alan grup firmalar\u0131m\u0131zdan Alternatif SD Lojistik ve Ara\u00e7 Kiralama A.\u015e. ile, firmalar\u0131n lojistik alan\u0131ndaki ihtiya\u00e7lar\u0131na y\u00f6nelik hizmetler sunmaktay\u0131z. \u0130thalat veya ihracat yapmakta olan m\u00fc\u015fterilerimizin, gereksinimlerine ba\u011fl\u0131 olarak, onlara optimum \u00e7\u00f6z\u00fcmler sunmakta; ta\u015f\u0131mac\u0131l\u0131k, depolama veya antrepo hizmetlerinde destek vermekteyiz. D\u0131\u015f ticaret i\u00e7in, lojisti\u011fin ne denli \u00f6nemli oldu\u011funu biliyoruz. Bu sebeple m\u00fc\u015fterilerimizin gerek duymas\u0131 halinde&hellip; <br \/> <a class=\"read-more\" href=\"https:\/\/alternatifgumruk.com\/index.php\/lojistik\/\">Devam\u0131<\/a><\/p>\n","protected":false},"author":1,"featured_media":0,"parent":0,"menu_order":0,"comment_status":"closed","ping_status":"closed","template":"","meta":{"footnotes":""},"class_list":["post-99","page","type-page","status-publish","hentry"],"_links":{"self":[{"href":"https:\/\/alternatifgumruk.com\/index.php\/wp-json\/wp\/v2\/pages\/99","targetHints":{"allow":["GET"]}}],"collection":[{"href":"https:\/\/alternatifgumruk.com\/index.php\/wp-json\/wp\/v2\/pages"}],"about":[{"href":"https:\/\/alternatifgumruk.com\/index.php\/wp-json\/wp\/v2\/types\/page"}],"author":[{"embeddable":true,"href":"https:\/\/alternatifgumruk.com\/index.php\/wp-json\/wp\/v2\/users\/1"}],"replies":[{"embeddable":true,"href":"https:\/\/alternatifgumruk.com\/index.php\/wp-json\/wp\/v2\/comments?post=99"}],"version-history":[{"count":1,"href":"https:\/\/alternatifgumruk.com\/index.php\/wp-json\/wp\/v2\/pages\/99\/revisions"}],"predecessor-version":[{"id":100,"href":"https:\/\/alternatifgumruk.com\/index.php\/wp-json\/wp\/v2\/pages\/99\/revisions\/100"}],"wp:attachment":[{"href":"https:\/\/alternatifgumruk.com\/index.php\/wp-json\/wp\/v2\/media?parent=99"}],"curies":[{"name":"wp","href":"https:\/\/api.w.org\/{rel}","templated":true}]}}